{"id":5338,"date":"2019-01-06T22:57:13","date_gmt":"2019-01-06T21:57:13","guid":{"rendered":"https:\/\/termen.pl\/en\/?page_id=5338"},"modified":"2020-08-19T19:21:57","modified_gmt":"2020-08-19T17:21:57","slug":"home","status":"publish","type":"page","link":"https:\/\/termen.pl\/en\/","title":{"rendered":"Home"},"content":{"rendered":"<div class=\"jumbotron text-center bg-white text-secondary\">\n<h1 class=\"text-hide\" style=\"background-image: url('https:\/\/termen.pl\/includes\/termen-logo.svg'); height: 80px; background-repeat: no-repeat; background-position: center;\">TERMEN<\/h1>\n<h2>TERMEN S.A. is a manufacturer of strainers, hydraulic separators, pressure vessels and other equipment used in thermal engineering, air conditioning and refrigeration.<\/h2>\n<\/div>\n<div class=\"container-fluid bg-danger pt-5 pb-5\">\n<div class=\"container-fluid p-0\" style=\"max-width: 1400px;\">\n<h3 class=\"font-weight-light text-white\">Top products.<\/h3>\n<div class=\"card-deck\">\n<div class=\"card\">\n<p><img decoding=\"async\" class=\"card-img-top alignnone\" style=\"width: 100%;\" src=\"https:\/\/termen.pl\/wp-content\/uploads\/2019\/09\/Sprz\u0119g\u0142o-SP65-w-izolacji-Greiner-570x350.jpg\" alt=\"Hydraulic Separator TERMEN\"><\/p>\n<div class=\"card-body\">\n<h5 class=\"card-title\">Hydraulic Separators TERMEN with themal insulation Greiner.<\/h5>\n<p class=\"card-text\">are known under another name like low-loss header. They are designed for separating boiler and heating circuit for medium and high power systems including one or several boilers and one or several heating ciruits.<\/p>\n<\/div>\n<div class=\"card-footer\"><a class=\"stretched-link\" href=\"https:\/\/termen.pl\/en\/offer\/hydraulic-separators\/\">Low-loss header | Hydraulic separator<\/a><\/div>\n<\/div>\n<div class=\"card\">\n<p><img decoding=\"async\" class=\"card-img-top alignnone\" style=\"width: 100%;\" src=\"https:\/\/termen.pl\/wp-content\/uploads\/2019\/11\/Filtroodmulnik-z-przeplywowym-filtrem-magnetycznym-TerFOM-LUX50-570x350.jpg\" alt=\"TerFOM-LUX Sedimentation Filters\"><\/p>\n<div class=\"card-body\">\n<h5 class=\"card-title\"><span class=\"badge badge-primary\">New<\/span> TerFOM-LUX Magnetic Impurity Separator.<\/h5>\n<p class=\"card-text\">Impurity separators, with new, neodymium magnetic piles for use in TERMEN sedimentation filters. A neodymium pile produces a magnetic field which is 10 times stronger.<\/p>\n<\/div>\n<div class=\"card-footer\"><a class=\"stretched-link\" href=\"https:\/\/termen.pl\/en\/blog\/new-magnetic-impurity-separator\/\">Sedimentation Filters TerFOM-LUX<\/a><\/div>\n<\/div>\n<\/div>\n<div class=\"card-deck mt-5\">\n<div class=\"card\">\n<p><img decoding=\"async\" class=\"card-img-top\" style=\"width: 100%;\" src=\"https:\/\/termen.pl\/wp-content\/uploads\/2019\/05\/Stabilizator-temperatury-SCWA-S200-570x350.jpg\" alt=\"Stabilizator SCWA\"><\/p>\n<div class=\"card-body\">\n<h5 class=\"card-title\">DHW temperature stabilizers SCWA<\/h5>\n<p class=\"card-text\">Designed for heat distribution units with domestic hot water heat exchangers with temperature limiting automatics (e.g. direct-acting temperature controllers). The temperature stabilizers can also be used as chilled water or glycol solution temperature stabilizers.<\/p>\n<\/div>\n<div class=\"card-footer\"><a class=\"stretched-link\" href=\"https:\/\/termen.pl\/en\/offer\/expansion-vessels\/\">Domestic hot water temperature stabilizers SCWA<\/a><\/div>\n<\/div>\n<div class=\"card\">\n<p><img decoding=\"async\" class=\"card-img-top\" style=\"width: 100%;\" src=\"https:\/\/termen.pl\/wp-content\/uploads\/2019\/08\/Panel-sterowania-Siemens-Simatic-BUW-7-obieg\u00f3w-570x350.jpg\" alt=\"Panel sterowania Siemens Simatic BUW 7 obieg\u00f3w\"><\/p>\n<div class=\"card-body\">\n<h5 class=\"card-title\">BUW Siemens Simatic.<\/h5>\n<p class=\"card-text\">Designed for control and automatic water top-up in the central heating charge supplied with mains water or water from the heat distribution return.<\/p>\n<\/div>\n<div class=\"card-footer\"><a class=\"stretched-link\" href=\"https:\/\/termen.pl\/en\/offer\/equipment\/automatic-charge-buw\/\">Automatic charge top-up device BUW<\/a><\/div>\n<\/div>\n<\/div>\n<\/div>\n<\/div>\n<div class=\"container-fluid pt-5 pb-5\">\n<div class=\"container-fluid\" style=\"max-width: 1400px;\">\n<h3 class=\"font-weight-light\">Water and others mediums clarifying.<\/h3>\n<div class=\"card-deck\">\n<div class=\"card\">\n<p><img decoding=\"async\" class=\"card-img-top\" style=\"width: 100%;\" src=\"https:\/\/termen.pl\/wp-content\/uploads\/2019\/10\/odumlacznierdzewny-570x350.jpg\" alt=\"filtroodmulnik nierdzewny TERMEN\"><\/p>\n<div class=\"card-body\">\n<h5 class=\"card-title\">Basket Strainers for separating impurities<\/h5>\n<p class=\"card-text\">Strainers are designed to retain and separating solid contaminants or impurities contained in water, glycols and brines. Thanks to the unique design, the flow is slowed, causing contaminants to settle on the bottom of the Strainer. The neodymium magnetic stack captures paramagnetics and other magnetically active molecules.<\/p>\n<\/div>\n<div class=\"card-footer\"><a class=\"stretched-link\" href=\"https:\/\/termen.pl\/en\/offer\/strainers\/\">Strainers<\/a><\/div>\n<\/div>\n<div class=\"card\">\n<p><img decoding=\"async\" class=\"card-img-top\" style=\"width: 100%;\" src=\"https:\/\/termen.pl\/wp-content\/uploads\/2018\/01\/separator-zanieczyszcze\u0144-TerSIM-ochrona-wymiennika-CO-570x350.png\" alt=\"separator zanieczyszcze\u0144\"><\/p>\n<div class=\"card-body\">\n<h5 class=\"card-title\">Contamination separators for protecting boiler and water fittings.<\/h5>\n<p class=\"card-text\">Contamination separators are designed to retain solid particles carried by flowing water. They are used as a protection against desludging boiler fittings and water installations, with a much higher efficiency than in the case of oblique filters. The unique design forces slowed water flow, causing contaminations to deposit on the bottom of the separator<\/p>\n<\/div>\n<div class=\"card-footer\"><a class=\"stretched-link\" href=\"https:\/\/termen.pl\/en\/offer\/contamination-separator\/\">Contamination separators<\/a><\/div>\n<\/div>\n<\/div>\n<div class=\"card-deck mt-5\">\n<div class=\"card\">\n<p><img decoding=\"async\" class=\"card-img-top\" style=\"width: 100%;\" src=\"https:\/\/termen.pl\/wp-content\/uploads\/2019\/05\/kolektor2-570x350.jpg\" alt=\"Rozdzielacz kolektor obieg\u00f3w\"><\/p>\n<div class=\"card-body\">\n<h5 class=\"card-title\">Collectors for Low-loss header.<\/h5>\n<p class=\"card-text\">Collectors are used in heating systems consisting of several circuits. They distribute the heating medium to the required number of circuits. .<\/p>\n<\/div>\n<div class=\"card-footer\"><a class=\"stretched-link\" href=\"https:\/\/termen.pl\/en\/offer\/collectors\/\">Collectors for Low-loss header KPP type &#8211; for SPP Hydraulic Separators<\/a><\/div>\n<\/div>\n<div class=\"card\">\n<p><img decoding=\"async\" class=\"card-img-top\" style=\"width: 100%;\" src=\"https:\/\/termen.pl\/wp-content\/uploads\/2019\/01\/sprz\u0119g\u0142o-spp-dla-ch\u0142odnictwa-570x350.jpg\" alt=\"Sprz\u0119g\u0142o hydrauliczne dla ch\u0142odnictwa SPP-G TERMEN\"><\/p>\n<div class=\"card-body\">\n<h5 class=\"card-title\">Hydraulic Separators for refrigeration systems.<\/h5>\n<p class=\"card-text\">SP-G and SPP-G Hydraulic Separators are adapted to operate in glycol systems, refrigeration and air conditioning at temperatures below 0\u00b0C. They are designed to separate the generator and refrigerant circuit, in medium and high power systems, consisting of one or several generators and one or more refrigeration circuits.<\/p>\n<\/div>\n<div class=\"card-footer\"><a class=\"stretched-link\" href=\"https:\/\/termen.pl\/en\/offer\/hydraulic-separators-refrigeration\/\">Low-loss header for cooling<\/a><\/div>\n<\/div>\n<\/div>\n<\/div>\n<div class=\"container-fluid\" style=\"max-width: 1400px;\">\n<h3 class=\"font-weight-light  mt-5\">Presure vessels.<\/h3>\n<div class=\"card-deck\">\n<div class=\"card\">\n<p><img decoding=\"async\" class=\"card-img-top\" style=\"width: 100%;\" src=\"https:\/\/termen.pl\/wp-content\/uploads\/2015\/12\/termax-570x350.jpg\" alt=\"Stacja TERMAX\"><\/p>\n<div class=\"card-body\">\n<h5 class=\"card-title\">Automatic presure stations.<\/h5>\n<p class=\"card-text\">Designed for control and automatic water top-up in the central heating charge supplied with mains water or water from the heat distribution return.<\/p>\n<\/div>\n<div class=\"card-footer\"><a class=\"stretched-link\" href=\"https:\/\/termen.pl\/en\/offer\/equipment\/\">Stabilizing and top-up equipment<\/a><\/div>\n<\/div>\n<div class=\"card\">\n<p><img decoding=\"async\" class=\"card-img-top\" style=\"width: 100%;\" src=\"https:\/\/termen.pl\/wp-content\/uploads\/2015\/12\/filtroodmulniki-dn25-700-570x350.jpg\" alt=\"producent zbiornik\u00f3w ci\u015bnieniowych\"><\/p>\n<div class=\"card-body\">\n<h5 class=\"card-title\">TERMEN &#8211; presure vessels producer.<\/h5>\n<p class=\"card-text\">Designed for accumulation and temperature stabilization of medium and special requirements. Designed for cold or hot water or non-aggressive liquids (e.g. glycol solutions, brine). Different applications depending on port layout and overall dimensions.<\/p>\n<\/div>\n<div class=\"card-footer\"><a class=\"stretched-link\" href=\"https:\/\/termen.pl\/en\/offer\/vessels-tank\/\">Presure vessels<\/a><\/div>\n<\/div>\n<div class=\"card\">\n<p><img decoding=\"async\" class=\"card-img-top\" style=\"width: 100%;\" src=\"https:\/\/termen.pl\/wp-content\/uploads\/2019\/02\/rtb-570x350.png\" alt=\"Regulator temperatury RTB\"><\/p>\n<div class=\"card-body\">\n<h5 class=\"card-title\">Self-acting temperature control valves RTB RTB<\/h5>\n<p class=\"card-text\">for maintaining constant medium temperature between +20\u00baC and +120\u00baC. Compatible with cold water, hot water and steam up to 180\u00baC .<\/p>\n<\/div>\n<div class=\"card-footer\"><a class=\"stretched-link\" href=\"https:\/\/termen.pl\/en\/offer\/valves-and-controlers\/\">Valves and regulators<\/a><\/div>\n<\/div>\n<\/div>\n<\/div>\n<\/div>\n<div class=\"container-fluid pt-5 pb-5\">\n<div class=\"container-fluid\" style=\"max-width: 1400px;\"><\/div>\n<\/div>\n<div class=\"d-block d-sm-none nav flex-column p-3\"><\/div>\n","protected":false},"excerpt":{"rendered":"<p>TERMEN TERMEN S.A. is a manufacturer of strainers, hydraulic separators, pressure vessels and other equipment used in thermal engineering, air conditioning and refrigeration. Top products. Hydraulic Separators TERMEN with themal insulation Greiner. are known under another name like low-loss header. They are designed for separating boiler and heating circuit for medium and high power systems [&hellip;]<\/p>\n","protected":false},"author":1,"featured_media":0,"parent":0,"menu_order":0,"comment_status":"closed","ping_status":"closed","template":"termen-bootstap.php","meta":{"footnotes":""},"class_list":["post-5338","page","type-page","status-publish","hentry"],"yoast_head":"<!-- This site is optimized with the Yoast SEO plugin v27.4 - https:\/\/yoast.com\/product\/yoast-seo-wordpress\/ -->\n<title>TERMEN manufacturer of strainers, hydraulic separators, pressure vessels<\/title>\n<meta name=\"description\" content=\"Manufacturer of Strainers filters for retaining solids, Hydraulic Separators for separating circuit, Hight quality Pressure Vessels\" \/>\n<meta name=\"robots\" content=\"index, follow, max-snippet:-1, max-image-preview:large, max-video-preview:-1\" \/>\n<link rel=\"canonical\" href=\"https:\/\/termen.pl\/en\/\" \/>\n<meta property=\"og:locale\" content=\"en_GB\" \/>\n<meta property=\"og:type\" content=\"article\" \/>\n<meta property=\"og:title\" content=\"TERMEN manufacturer of strainers, hydraulic separators, pressure vessels\" \/>\n<meta property=\"og:description\" content=\"Manufacturer of Strainers filters for retaining solids, Hydraulic Separators for separating circuit, Hight quality Pressure Vessels\" \/>\n<meta property=\"og:url\" content=\"https:\/\/termen.pl\/en\/\" \/>\n<meta property=\"og:site_name\" content=\"TERMEN\" \/>\n<meta property=\"article:publisher\" content=\"https:\/\/www.facebook.com\/termen.eu\" \/>\n<meta property=\"article:modified_time\" content=\"2020-08-19T17:21:57+00:00\" \/>\n<meta property=\"og:image\" content=\"https:\/\/termen.pl\/wp-content\/uploads\/2019\/11\/Filtroodmulnik-z-przeplywowym-filtrem-magnetycznym-TerFOM-LUX50-570x350.jpg\" \/>\n<meta name=\"twitter:card\" content=\"summary_large_image\" \/>\n<meta name=\"twitter:label1\" content=\"Estimated reading time\" \/>\n\t<meta name=\"twitter:data1\" content=\"2 minutes\" \/>\n<script type=\"application\/ld+json\" class=\"yoast-schema-graph\">{\"@context\":\"https:\\\/\\\/schema.org\",\"@graph\":[{\"@type\":\"WebPage\",\"@id\":\"https:\\\/\\\/termen.pl\\\/en\\\/\",\"url\":\"https:\\\/\\\/termen.pl\\\/en\\\/\",\"name\":\"TERMEN manufacturer of strainers, hydraulic separators, pressure vessels\",\"isPartOf\":{\"@id\":\"https:\\\/\\\/termen.pl\\\/en\\\/#website\"},\"primaryImageOfPage\":{\"@id\":\"https:\\\/\\\/termen.pl\\\/en\\\/#primaryimage\"},\"image\":{\"@id\":\"https:\\\/\\\/termen.pl\\\/en\\\/#primaryimage\"},\"thumbnailUrl\":\"https:\\\/\\\/termen.pl\\\/wp-content\\\/uploads\\\/2019\\\/11\\\/Filtroodmulnik-z-przeplywowym-filtrem-magnetycznym-TerFOM-LUX50-570x350.jpg\",\"datePublished\":\"2019-01-06T21:57:13+00:00\",\"dateModified\":\"2020-08-19T17:21:57+00:00\",\"description\":\"Manufacturer of Strainers filters for retaining solids, Hydraulic Separators for separating circuit, Hight quality Pressure Vessels\",\"breadcrumb\":{\"@id\":\"https:\\\/\\\/termen.pl\\\/en\\\/#breadcrumb\"},\"inLanguage\":\"en-GB\",\"potentialAction\":[{\"@type\":\"ReadAction\",\"target\":[\"https:\\\/\\\/termen.pl\\\/en\\\/\"]}]},{\"@type\":\"ImageObject\",\"inLanguage\":\"en-GB\",\"@id\":\"https:\\\/\\\/termen.pl\\\/en\\\/#primaryimage\",\"url\":\"https:\\\/\\\/termen.pl\\\/wp-content\\\/uploads\\\/2019\\\/11\\\/Filtroodmulnik-z-przeplywowym-filtrem-magnetycznym-TerFOM-LUX50-570x350.jpg\",\"contentUrl\":\"https:\\\/\\\/termen.pl\\\/wp-content\\\/uploads\\\/2019\\\/11\\\/Filtroodmulnik-z-przeplywowym-filtrem-magnetycznym-TerFOM-LUX50-570x350.jpg\"},{\"@type\":\"BreadcrumbList\",\"@id\":\"https:\\\/\\\/termen.pl\\\/en\\\/#breadcrumb\",\"itemListElement\":[{\"@type\":\"ListItem\",\"position\":1,\"name\":\"TERMEN\",\"item\":\"https:\\\/\\\/termen.pl\\\/en\\\/\"},{\"@type\":\"ListItem\",\"position\":2,\"name\":\"Home\"}]},{\"@type\":\"WebSite\",\"@id\":\"https:\\\/\\\/termen.pl\\\/en\\\/#website\",\"url\":\"https:\\\/\\\/termen.pl\\\/en\\\/\",\"name\":\"TERMEN\",\"description\":\"Manufacturer of strainers, hydraulic separators, pressure vessels\",\"potentialAction\":[{\"@type\":\"SearchAction\",\"target\":{\"@type\":\"EntryPoint\",\"urlTemplate\":\"https:\\\/\\\/termen.pl\\\/en\\\/?s={search_term_string}\"},\"query-input\":{\"@type\":\"PropertyValueSpecification\",\"valueRequired\":true,\"valueName\":\"search_term_string\"}}],\"inLanguage\":\"en-GB\"}]}<\/script>\n<!-- \/ Yoast SEO plugin. -->","yoast_head_json":{"title":"TERMEN manufacturer of strainers, hydraulic separators, pressure vessels","description":"Manufacturer of Strainers filters for retaining solids, Hydraulic Separators for separating circuit, Hight quality Pressure Vessels","robots":{"index":"index","follow":"follow","max-snippet":"max-snippet:-1","max-image-preview":"max-image-preview:large","max-video-preview":"max-video-preview:-1"},"canonical":"https:\/\/termen.pl\/en\/","og_locale":"en_GB","og_type":"article","og_title":"TERMEN manufacturer of strainers, hydraulic separators, pressure vessels","og_description":"Manufacturer of Strainers filters for retaining solids, Hydraulic Separators for separating circuit, Hight quality Pressure Vessels","og_url":"https:\/\/termen.pl\/en\/","og_site_name":"TERMEN","article_publisher":"https:\/\/www.facebook.com\/termen.eu","article_modified_time":"2020-08-19T17:21:57+00:00","og_image":[{"url":"https:\/\/termen.pl\/wp-content\/uploads\/2019\/11\/Filtroodmulnik-z-przeplywowym-filtrem-magnetycznym-TerFOM-LUX50-570x350.jpg","type":"","width":"","height":""}],"twitter_card":"summary_large_image","twitter_misc":{"Estimated reading time":"2 minutes"},"schema":{"@context":"https:\/\/schema.org","@graph":[{"@type":"WebPage","@id":"https:\/\/termen.pl\/en\/","url":"https:\/\/termen.pl\/en\/","name":"TERMEN manufacturer of strainers, hydraulic separators, pressure vessels","isPartOf":{"@id":"https:\/\/termen.pl\/en\/#website"},"primaryImageOfPage":{"@id":"https:\/\/termen.pl\/en\/#primaryimage"},"image":{"@id":"https:\/\/termen.pl\/en\/#primaryimage"},"thumbnailUrl":"https:\/\/termen.pl\/wp-content\/uploads\/2019\/11\/Filtroodmulnik-z-przeplywowym-filtrem-magnetycznym-TerFOM-LUX50-570x350.jpg","datePublished":"2019-01-06T21:57:13+00:00","dateModified":"2020-08-19T17:21:57+00:00","description":"Manufacturer of Strainers filters for retaining solids, Hydraulic Separators for separating circuit, Hight quality Pressure Vessels","breadcrumb":{"@id":"https:\/\/termen.pl\/en\/#breadcrumb"},"inLanguage":"en-GB","potentialAction":[{"@type":"ReadAction","target":["https:\/\/termen.pl\/en\/"]}]},{"@type":"ImageObject","inLanguage":"en-GB","@id":"https:\/\/termen.pl\/en\/#primaryimage","url":"https:\/\/termen.pl\/wp-content\/uploads\/2019\/11\/Filtroodmulnik-z-przeplywowym-filtrem-magnetycznym-TerFOM-LUX50-570x350.jpg","contentUrl":"https:\/\/termen.pl\/wp-content\/uploads\/2019\/11\/Filtroodmulnik-z-przeplywowym-filtrem-magnetycznym-TerFOM-LUX50-570x350.jpg"},{"@type":"BreadcrumbList","@id":"https:\/\/termen.pl\/en\/#breadcrumb","itemListElement":[{"@type":"ListItem","position":1,"name":"TERMEN","item":"https:\/\/termen.pl\/en\/"},{"@type":"ListItem","position":2,"name":"Home"}]},{"@type":"WebSite","@id":"https:\/\/termen.pl\/en\/#website","url":"https:\/\/termen.pl\/en\/","name":"TERMEN","description":"Manufacturer of strainers, hydraulic separators, pressure vessels","potentialAction":[{"@type":"SearchAction","target":{"@type":"EntryPoint","urlTemplate":"https:\/\/termen.pl\/en\/?s={search_term_string}"},"query-input":{"@type":"PropertyValueSpecification","valueRequired":true,"valueName":"search_term_string"}}],"inLanguage":"en-GB"}]}},"_links":{"self":[{"href":"https:\/\/termen.pl\/en\/wp-json\/wp\/v2\/pages\/5338","targetHints":{"allow":["GET"]}}],"collection":[{"href":"https:\/\/termen.pl\/en\/wp-json\/wp\/v2\/pages"}],"about":[{"href":"https:\/\/termen.pl\/en\/wp-json\/wp\/v2\/types\/page"}],"author":[{"embeddable":true,"href":"https:\/\/termen.pl\/en\/wp-json\/wp\/v2\/users\/1"}],"replies":[{"embeddable":true,"href":"https:\/\/termen.pl\/en\/wp-json\/wp\/v2\/comments?post=5338"}],"version-history":[{"count":0,"href":"https:\/\/termen.pl\/en\/wp-json\/wp\/v2\/pages\/5338\/revisions"}],"wp:attachment":[{"href":"https:\/\/termen.pl\/en\/wp-json\/wp\/v2\/media?parent=5338"}],"curies":[{"name":"wp","href":"https:\/\/api.w.org\/{rel}","templated":true}]}}