{"id":449,"date":"2015-12-16T23:26:14","date_gmt":"2015-12-16T22:26:14","guid":{"rendered":"https:\/\/termen.pl\/?page_id=449"},"modified":"2019-02-22T08:51:10","modified_gmt":"2019-02-22T07:51:10","slug":"for-engineers","status":"publish","type":"page","link":"https:\/\/termen.pl\/en\/for-engineers","title":{"rendered":"For Engineers"},"content":{"rendered":"<div class=\"rte\">\n<h3>Download&nbsp;CAD drawings dwg:<\/h3>\n<ul>\n<li><a href=\"https:\/\/termen.pl\/dla-projektanta\/rysunki-techniczne-sprzegiel-hydraulicznych\/\">Hydraulic Separators type&nbsp;SP, SPP, SP-G, SPP-G i SPK<\/a><\/li>\n<li><a href=\"https:\/\/termen.pl\/dla-projektanta\/rysunki-techniczne-odmulaczy\/\">Strainers type&nbsp;TerF, TerFM, TerFO, TerFOM<\/a><\/li>\n<\/ul>\n<hr>\n<p><a href=\"https:\/\/termen.pl\/download\/DOWNLOAD\/KATALOGI%20PRODUKT%C3%93W\/\">Dowload full product cataloque and data sheets.<\/a><\/p>\n<\/div>\n","protected":false},"excerpt":{"rendered":"<p>Download&nbsp;CAD drawings dwg: Hydraulic Separators type&nbsp;SP, SPP, SP-G, SPP-G i SPK Strainers type&nbsp;TerF, TerFM, TerFO, TerFOM Dowload full product cataloque and data sheets.<\/p>\n","protected":false},"author":1,"featured_media":0,"parent":0,"menu_order":7,"comment_status":"closed","ping_status":"closed","template":"page-intro.php","meta":{"footnotes":""},"class_list":["post-449","page","type-page","status-publish","hentry"],"yoast_head":"<!-- This site is optimized with the Yoast SEO plugin v27.4 - https:\/\/yoast.com\/product\/yoast-seo-wordpress\/ -->\n<title>For Engineers - TERMEN<\/title>\n<meta name=\"description\" content=\"Rysunki techniczne wyrob\u00f3w filtroodmulnik\u00f3w i sprz\u0119gie\u0142 w formacie CAD do wykorzystania przez projektant\u00f3w\" \/>\n<meta name=\"robots\" content=\"index, follow, max-snippet:-1, max-image-preview:large, max-video-preview:-1\" \/>\n<link rel=\"canonical\" href=\"https:\/\/termen.pl\/en\/for-engineers\" \/>\n<meta property=\"og:locale\" content=\"en_GB\" \/>\n<meta property=\"og:type\" content=\"article\" \/>\n<meta property=\"og:title\" content=\"For Engineers - TERMEN\" \/>\n<meta property=\"og:description\" content=\"Rysunki techniczne wyrob\u00f3w filtroodmulnik\u00f3w i sprz\u0119gie\u0142 w formacie CAD do wykorzystania przez projektant\u00f3w\" \/>\n<meta property=\"og:url\" content=\"https:\/\/termen.pl\/en\/for-engineers\" \/>\n<meta property=\"og:site_name\" content=\"TERMEN\" \/>\n<meta property=\"article:publisher\" content=\"https:\/\/www.facebook.com\/termen.eu\" \/>\n<meta property=\"article:modified_time\" content=\"2019-02-22T07:51:10+00:00\" \/>\n<meta name=\"twitter:card\" content=\"summary_large_image\" \/>\n<script type=\"application\/ld+json\" class=\"yoast-schema-graph\">{\"@context\":\"https:\\\/\\\/schema.org\",\"@graph\":[{\"@type\":\"WebPage\",\"@id\":\"https:\\\/\\\/termen.pl\\\/en\\\/for-engineers\",\"url\":\"https:\\\/\\\/termen.pl\\\/en\\\/for-engineers\",\"name\":\"For Engineers - TERMEN\",\"isPartOf\":{\"@id\":\"https:\\\/\\\/termen.pl\\\/en\\\/#website\"},\"datePublished\":\"2015-12-16T22:26:14+00:00\",\"dateModified\":\"2019-02-22T07:51:10+00:00\",\"description\":\"Rysunki techniczne wyrob\u00f3w filtroodmulnik\u00f3w i sprz\u0119gie\u0142 w formacie CAD do wykorzystania przez projektant\u00f3w\",\"breadcrumb\":{\"@id\":\"https:\\\/\\\/termen.pl\\\/en\\\/for-engineers#breadcrumb\"},\"inLanguage\":\"en-GB\",\"potentialAction\":[{\"@type\":\"ReadAction\",\"target\":[\"https:\\\/\\\/termen.pl\\\/en\\\/for-engineers\"]}]},{\"@type\":\"BreadcrumbList\",\"@id\":\"https:\\\/\\\/termen.pl\\\/en\\\/for-engineers#breadcrumb\",\"itemListElement\":[{\"@type\":\"ListItem\",\"position\":1,\"name\":\"TERMEN\",\"item\":\"https:\\\/\\\/termen.pl\\\/en\\\/\"},{\"@type\":\"ListItem\",\"position\":2,\"name\":\"For Engineers\"}]},{\"@type\":\"WebSite\",\"@id\":\"https:\\\/\\\/termen.pl\\\/en\\\/#website\",\"url\":\"https:\\\/\\\/termen.pl\\\/en\\\/\",\"name\":\"TERMEN\",\"description\":\"Manufacturer of strainers, hydraulic separators, pressure vessels\",\"potentialAction\":[{\"@type\":\"SearchAction\",\"target\":{\"@type\":\"EntryPoint\",\"urlTemplate\":\"https:\\\/\\\/termen.pl\\\/en\\\/?s={search_term_string}\"},\"query-input\":{\"@type\":\"PropertyValueSpecification\",\"valueRequired\":true,\"valueName\":\"search_term_string\"}}],\"inLanguage\":\"en-GB\"}]}<\/script>\n<!-- \/ Yoast SEO plugin. -->","yoast_head_json":{"title":"For Engineers - TERMEN","description":"Rysunki techniczne wyrob\u00f3w filtroodmulnik\u00f3w i sprz\u0119gie\u0142 w formacie CAD do wykorzystania przez projektant\u00f3w","robots":{"index":"index","follow":"follow","max-snippet":"max-snippet:-1","max-image-preview":"max-image-preview:large","max-video-preview":"max-video-preview:-1"},"canonical":"https:\/\/termen.pl\/en\/for-engineers","og_locale":"en_GB","og_type":"article","og_title":"For Engineers - TERMEN","og_description":"Rysunki techniczne wyrob\u00f3w filtroodmulnik\u00f3w i sprz\u0119gie\u0142 w formacie CAD do wykorzystania przez projektant\u00f3w","og_url":"https:\/\/termen.pl\/en\/for-engineers","og_site_name":"TERMEN","article_publisher":"https:\/\/www.facebook.com\/termen.eu","article_modified_time":"2019-02-22T07:51:10+00:00","twitter_card":"summary_large_image","schema":{"@context":"https:\/\/schema.org","@graph":[{"@type":"WebPage","@id":"https:\/\/termen.pl\/en\/for-engineers","url":"https:\/\/termen.pl\/en\/for-engineers","name":"For Engineers - TERMEN","isPartOf":{"@id":"https:\/\/termen.pl\/en\/#website"},"datePublished":"2015-12-16T22:26:14+00:00","dateModified":"2019-02-22T07:51:10+00:00","description":"Rysunki techniczne wyrob\u00f3w filtroodmulnik\u00f3w i sprz\u0119gie\u0142 w formacie CAD do wykorzystania przez projektant\u00f3w","breadcrumb":{"@id":"https:\/\/termen.pl\/en\/for-engineers#breadcrumb"},"inLanguage":"en-GB","potentialAction":[{"@type":"ReadAction","target":["https:\/\/termen.pl\/en\/for-engineers"]}]},{"@type":"BreadcrumbList","@id":"https:\/\/termen.pl\/en\/for-engineers#breadcrumb","itemListElement":[{"@type":"ListItem","position":1,"name":"TERMEN","item":"https:\/\/termen.pl\/en\/"},{"@type":"ListItem","position":2,"name":"For Engineers"}]},{"@type":"WebSite","@id":"https:\/\/termen.pl\/en\/#website","url":"https:\/\/termen.pl\/en\/","name":"TERMEN","description":"Manufacturer of strainers, hydraulic separators, pressure vessels","potentialAction":[{"@type":"SearchAction","target":{"@type":"EntryPoint","urlTemplate":"https:\/\/termen.pl\/en\/?s={search_term_string}"},"query-input":{"@type":"PropertyValueSpecification","valueRequired":true,"valueName":"search_term_string"}}],"inLanguage":"en-GB"}]}},"_links":{"self":[{"href":"https:\/\/termen.pl\/en\/wp-json\/wp\/v2\/pages\/449","targetHints":{"allow":["GET"]}}],"collection":[{"href":"https:\/\/termen.pl\/en\/wp-json\/wp\/v2\/pages"}],"about":[{"href":"https:\/\/termen.pl\/en\/wp-json\/wp\/v2\/types\/page"}],"author":[{"embeddable":true,"href":"https:\/\/termen.pl\/en\/wp-json\/wp\/v2\/users\/1"}],"replies":[{"embeddable":true,"href":"https:\/\/termen.pl\/en\/wp-json\/wp\/v2\/comments?post=449"}],"version-history":[{"count":0,"href":"https:\/\/termen.pl\/en\/wp-json\/wp\/v2\/pages\/449\/revisions"}],"wp:attachment":[{"href":"https:\/\/termen.pl\/en\/wp-json\/wp\/v2\/media?parent=449"}],"curies":[{"name":"wp","href":"https:\/\/api.w.org\/{rel}","templated":true}]}}