{"id":43,"date":"2015-12-02T23:22:30","date_gmt":"2015-12-02T22:22:30","guid":{"rendered":"https:\/\/termen.pl\/?page_id=43"},"modified":"2019-02-22T08:51:02","modified_gmt":"2019-02-22T07:51:02","slug":"kontakt","status":"publish","type":"page","link":"https:\/\/termen.pl\/en\/kontakt","title":{"rendered":"Contact"},"content":{"rendered":"<div id=\"pl-43\"  class=\"panel-layout\" >\n<div id=\"pg-43-0\"  class=\"panel-grid panel-no-style\" >\n<div id=\"pgc-43-0-0\"  class=\"panel-grid-cell\"  data-weight=\"0.5\" >\n<div id=\"panel-43-0-0-0\" class=\"so-panel widget widget_sow-editor panel-first-child panel-last-child\" data-index=\"0\" data-style=\"{&quot;background_display&quot;:&quot;tile&quot;}\" >\n<div class=\"so-widget-sow-editor so-widget-sow-editor-base\">\n<div class=\"siteorigin-widget-tinymce textwidget\">\n<div class=\"screen-reader-response\"><\/div>\n<form action=\"\/en\/wp-admin\/post.php#wpcf7-f1786-o2\" method=\"post\" class=\"wpcf7-form\" novalidate=\"novalidate\">\n<div style=\"display: none;\">\n<input type=\"hidden\" name=\"_wpcf7\" value=\"1786\"><br \/>\n<input type=\"hidden\" name=\"_wpcf7_version\" value=\"5.0\"><br \/>\n<input type=\"hidden\" name=\"_wpcf7_locale\" value=\"en_GB\"><br \/>\n<input type=\"hidden\" name=\"_wpcf7_unit_tag\" value=\"wpcf7-f1786-o2\"><br \/>\n<input type=\"hidden\" name=\"_wpcf7_container_post\" value=\"0\">\n<\/div>\n<p><label> Your Name or Company(required)<br \/>\n    <span class=\"wpcf7-form-control-wrap your-name\"><input type=\"text\" name=\"your-name\" value=\"\" size=\"40\" class=\"wpcf7-form-control wpcf7-text wpcf7-validates-as-required\" aria-required=\"true\" aria-invalid=\"false\"><\/span> <\/label><\/p>\n<p><label> Your Email (required)<br \/>\n    <span class=\"wpcf7-form-control-wrap your-email\"><input type=\"email\" name=\"your-email\" value=\"\" size=\"40\" class=\"wpcf7-form-control wpcf7-text wpcf7-email wpcf7-validates-as-required wpcf7-validates-as-email\" aria-required=\"true\" aria-invalid=\"false\"><\/span> <\/label><\/p>\n<p><label> Subject<br \/>\n    <span class=\"wpcf7-form-control-wrap your-subject\"><input type=\"text\" name=\"your-subject\" value=\"\" size=\"40\" class=\"wpcf7-form-control wpcf7-text\" aria-invalid=\"false\"><\/span> <\/label><\/p>\n<p><label> Your Message<br \/>\n    <span class=\"wpcf7-form-control-wrap your-message\"><textarea name=\"your-message\" cols=\"40\" rows=\"10\" class=\"wpcf7-form-control wpcf7-textarea\" aria-invalid=\"false\"><\/textarea><\/span> <\/label><\/p>\n<p><input type=\"submit\" value=\"Send\" class=\"wpcf7-form-control wpcf7-submit\"><\/p>\n<div class=\"wpcf7-response-output wpcf7-display-none\"><\/div>\n<\/form>\n<\/div>\n<\/div>\n<\/div>\n<\/div>\n<div id=\"pgc-43-0-1\"  class=\"panel-grid-cell\"  data-weight=\"0.5\" >\n<div id=\"panel-43-0-1-0\" class=\"so-panel widget widget_sow-editor panel-first-child panel-last-child\" data-index=\"1\" data-style=\"{&quot;background_image_attachment&quot;:false,&quot;background_display&quot;:&quot;tile&quot;}\" >\n<div class=\"so-widget-sow-editor so-widget-sow-editor-base\">\n<div class=\"siteorigin-widget-tinymce textwidget\">\n<p>PPU TERMEN S.A.<br \/>ul. Ko\u015bcierzy\u0144ska 10<br \/>51-416 Wroc\u0142aw, Polska<\/p>\n<p>Office:<br \/><img loading=\"lazy\" decoding=\"async\" class=\"alignnone size-full wp-image-2046\" src=\"https:\/\/termen.pl\/\/en\/wp-content\/uploads\/2018\/02\/tel.png\" alt=\"\" width=\"15\" height=\"15\">+48 71 325 46 78<br \/><img loading=\"lazy\" decoding=\"async\" class=\"alignnone size-full wp-image-2044\" src=\"https:\/\/termen.pl\/\/en\/wp-content\/uploads\/2018\/02\/tel-mail.png\" alt=\"\" width=\"15\" height=\"15\">office@termen.com.pl<\/p>\n<p>Sales department:<br \/><img loading=\"lazy\" decoding=\"async\" class=\"alignnone size-full wp-image-2046\" src=\"https:\/\/termen.pl\/\/en\/wp-content\/uploads\/2018\/02\/tel.png\" alt=\"\" width=\"15\" height=\"15\">+48 71 372 70 34<br \/>\u202d<img loading=\"lazy\" decoding=\"async\" class=\"alignnone size-full wp-image-2047\" src=\"https:\/\/termen.pl\/\/en\/wp-content\/uploads\/2018\/02\/tel-kom.png\" alt=\"\" width=\"15\" height=\"15\">+48 663 89 89 22<\/p>\n<p>Technical and Commercial Department:<br \/><img loading=\"lazy\" decoding=\"async\" class=\"alignnone size-full wp-image-2046\" src=\"https:\/\/termen.pl\/\/en\/wp-content\/uploads\/2018\/02\/tel.png\" alt=\"\" width=\"15\" height=\"15\">+48 71 326 02 30<br \/><img loading=\"lazy\" decoding=\"async\" class=\"alignnone size-full wp-image-2047\" src=\"https:\/\/termen.pl\/\/en\/wp-content\/uploads\/2018\/02\/tel-kom.png\" alt=\"\" width=\"15\" height=\"15\">+48 601 94 09 14<\/p>\n<p>Fax:<br \/><img loading=\"lazy\" decoding=\"async\" class=\"alignnone size-full wp-image-2045\" src=\"https:\/\/termen.pl\/\/en\/wp-content\/uploads\/2018\/02\/tel-fax.png\" alt=\"\" width=\"15\" height=\"15\">+48 71 326 02 27<\/p>\n<\/div>\n<\/div>\n<\/div>\n<\/div>\n<\/div>\n<div id=\"pg-43-1\"  class=\"panel-grid panel-no-style\" >\n<div id=\"pgc-43-1-0\"  class=\"panel-grid-cell\"  data-weight=\"1\" >\n<div id=\"panel-43-1-0-0\" class=\"so-panel widget widget_custom_html panel-first-child panel-last-child\" data-index=\"2\" data-style=\"{&quot;background_image_attachment&quot;:false,&quot;background_display&quot;:&quot;tile&quot;}\" >[siteorigin_widget class=&#8221;WP_Widget_Custom_HTML&#8221;]<input type=\"hidden\" value=\"{&quot;instance&quot;:{&quot;title&quot;:&quot;&quot;,&quot;content&quot;:&quot;&lt;iframe src=\\&quot;https:\\\/\\\/www.google.com\\\/maps\\\/embed?pb=!1m18!1m12!1m3!1d2977.4800778280814!2d17.079862974736457!3d51.13147638563135!2m3!1f0!2f0!3f0!3m2!1i1024!2i768!4f13.1!3m3!1m2!1s0x470fe848cd93f59d%3A0x97f9093232cba57b!2sPPU+Termen+S.A.!5e0!3m2!1spl!2spl!4v1537390696769\\&quot; width=\\&quot;600\\&quot; height=\\&quot;450\\&quot; frameborder=\\&quot;0\\&quot; style=\\&quot;border:0\\&quot; allowfullscreen&gt;&lt;\\\/iframe&gt;&quot;,&quot;so_sidebar_emulator_id&quot;:&quot;custom_html-4310002&quot;,&quot;option_name&quot;:&quot;widget_custom_html&quot;},&quot;args&quot;:{&quot;before_widget&quot;:&quot;&lt;div id=\\&quot;panel-43-1-0-0\\&quot; class=\\&quot;so-panel widget widget_custom_html panel-first-child panel-last-child\\&quot; data-index=\\&quot;2\\&quot; data-style=\\&quot;{&amp;quot;background_image_attachment&amp;quot;:false,&amp;quot;background_display&amp;quot;:&amp;quot;tile&amp;quot;}\\&quot; &gt;&quot;,&quot;after_widget&quot;:&quot;&lt;\\\/div&gt;&quot;,&quot;before_title&quot;:&quot;&lt;h3 class=\\&quot;widget-title\\&quot;&gt;&quot;,&quot;after_title&quot;:&quot;&lt;\\\/h3&gt;&quot;,&quot;widget_id&quot;:&quot;widget-1-0-0&quot;}}\" \/>[\/siteorigin_widget]<\/div>\n<\/div>\n<\/div>\n<\/div>\n","protected":false},"excerpt":{"rendered":"<p>Your Name or Company(required) Your Email (required) Subject Your Message PPU TERMEN S.A.ul. Ko\u015bcierzy\u0144ska 1051-416 Wroc\u0142aw, Polska Office:+48 71 325 46 78office@termen.com.pl Sales department:+48 71 372 70 34\u202d+48 663 89 89 22 Technical and Commercial Department:+48 71 326 02 30+48 601 94 09 14 Fax:+48 71 326 02 27 [siteorigin_widget class=&#8221;WP_Widget_Custom_HTML&#8221;][\/siteorigin_widget]<\/p>\n","protected":false},"author":1,"featured_media":0,"parent":0,"menu_order":6,"comment_status":"closed","ping_status":"closed","template":"page-intro.php","meta":{"footnotes":""},"class_list":["post-43","page","type-page","status-publish","hentry"],"yoast_head":"<!-- This site is optimized with the Yoast SEO plugin v27.4 - https:\/\/yoast.com\/product\/yoast-seo-wordpress\/ -->\n<title>Contact - TERMEN<\/title>\n<meta name=\"robots\" content=\"index, follow, max-snippet:-1, max-image-preview:large, max-video-preview:-1\" \/>\n<link rel=\"canonical\" href=\"https:\/\/termen.pl\/en\/kontakt\" \/>\n<meta property=\"og:locale\" content=\"en_GB\" \/>\n<meta property=\"og:type\" content=\"article\" \/>\n<meta property=\"og:title\" content=\"Contact - TERMEN\" \/>\n<meta property=\"og:description\" content=\"Your Name or Company(required) Your Email (required) Subject Your Message PPU TERMEN S.A.ul. Ko\u015bcierzy\u0144ska 1051-416 Wroc\u0142aw, Polska Office:+48 71 325 46 78office@termen.com.pl Sales department:+48 71 372 70 34\u202d+48 663 89 89 22 Technical and Commercial Department:+48 71 326 02 30+48 601 94 09 14 Fax:+48 71 326 02 27 [siteorigin_widget class=&#8221;WP_Widget_Custom_HTML&#8221;][\/siteorigin_widget]\" \/>\n<meta property=\"og:url\" content=\"https:\/\/termen.pl\/en\/kontakt\" \/>\n<meta property=\"og:site_name\" content=\"TERMEN\" \/>\n<meta property=\"article:publisher\" content=\"https:\/\/www.facebook.com\/termen.eu\" \/>\n<meta property=\"article:modified_time\" content=\"2019-02-22T07:51:02+00:00\" \/>\n<meta property=\"og:image\" content=\"https:\/\/termen.pl\/\/en\/wp-content\/uploads\/2018\/02\/tel.png\" \/>\n<meta name=\"twitter:card\" content=\"summary_large_image\" \/>\n<script type=\"application\/ld+json\" class=\"yoast-schema-graph\">{\"@context\":\"https:\\\/\\\/schema.org\",\"@graph\":[{\"@type\":\"WebPage\",\"@id\":\"https:\\\/\\\/termen.pl\\\/en\\\/kontakt\",\"url\":\"https:\\\/\\\/termen.pl\\\/en\\\/kontakt\",\"name\":\"Contact - TERMEN\",\"isPartOf\":{\"@id\":\"https:\\\/\\\/termen.pl\\\/en\\\/#website\"},\"primaryImageOfPage\":{\"@id\":\"https:\\\/\\\/termen.pl\\\/en\\\/kontakt#primaryimage\"},\"image\":{\"@id\":\"https:\\\/\\\/termen.pl\\\/en\\\/kontakt#primaryimage\"},\"thumbnailUrl\":\"https:\\\/\\\/termen.pl\\\/\\\/en\\\/wp-content\\\/uploads\\\/2018\\\/02\\\/tel.png\",\"datePublished\":\"2015-12-02T22:22:30+00:00\",\"dateModified\":\"2019-02-22T07:51:02+00:00\",\"breadcrumb\":{\"@id\":\"https:\\\/\\\/termen.pl\\\/en\\\/kontakt#breadcrumb\"},\"inLanguage\":\"en-GB\",\"potentialAction\":[{\"@type\":\"ReadAction\",\"target\":[\"https:\\\/\\\/termen.pl\\\/en\\\/kontakt\"]}]},{\"@type\":\"ImageObject\",\"inLanguage\":\"en-GB\",\"@id\":\"https:\\\/\\\/termen.pl\\\/en\\\/kontakt#primaryimage\",\"url\":\"https:\\\/\\\/termen.pl\\\/\\\/en\\\/wp-content\\\/uploads\\\/2018\\\/02\\\/tel.png\",\"contentUrl\":\"https:\\\/\\\/termen.pl\\\/\\\/en\\\/wp-content\\\/uploads\\\/2018\\\/02\\\/tel.png\"},{\"@type\":\"BreadcrumbList\",\"@id\":\"https:\\\/\\\/termen.pl\\\/en\\\/kontakt#breadcrumb\",\"itemListElement\":[{\"@type\":\"ListItem\",\"position\":1,\"name\":\"TERMEN\",\"item\":\"https:\\\/\\\/termen.pl\\\/en\\\/\"},{\"@type\":\"ListItem\",\"position\":2,\"name\":\"Contact\"}]},{\"@type\":\"WebSite\",\"@id\":\"https:\\\/\\\/termen.pl\\\/en\\\/#website\",\"url\":\"https:\\\/\\\/termen.pl\\\/en\\\/\",\"name\":\"TERMEN\",\"description\":\"Manufacturer of strainers, hydraulic separators, pressure vessels\",\"potentialAction\":[{\"@type\":\"SearchAction\",\"target\":{\"@type\":\"EntryPoint\",\"urlTemplate\":\"https:\\\/\\\/termen.pl\\\/en\\\/?s={search_term_string}\"},\"query-input\":{\"@type\":\"PropertyValueSpecification\",\"valueRequired\":true,\"valueName\":\"search_term_string\"}}],\"inLanguage\":\"en-GB\"}]}<\/script>\n<!-- \/ Yoast SEO plugin. -->","yoast_head_json":{"title":"Contact - TERMEN","robots":{"index":"index","follow":"follow","max-snippet":"max-snippet:-1","max-image-preview":"max-image-preview:large","max-video-preview":"max-video-preview:-1"},"canonical":"https:\/\/termen.pl\/en\/kontakt","og_locale":"en_GB","og_type":"article","og_title":"Contact - TERMEN","og_description":"Your Name or Company(required) Your Email (required) Subject Your Message PPU TERMEN S.A.ul. Ko\u015bcierzy\u0144ska 1051-416 Wroc\u0142aw, Polska Office:+48 71 325 46 78office@termen.com.pl Sales department:+48 71 372 70 34\u202d+48 663 89 89 22 Technical and Commercial Department:+48 71 326 02 30+48 601 94 09 14 Fax:+48 71 326 02 27 [siteorigin_widget class=&#8221;WP_Widget_Custom_HTML&#8221;][\/siteorigin_widget]","og_url":"https:\/\/termen.pl\/en\/kontakt","og_site_name":"TERMEN","article_publisher":"https:\/\/www.facebook.com\/termen.eu","article_modified_time":"2019-02-22T07:51:02+00:00","og_image":[{"url":"https:\/\/termen.pl\/\/en\/wp-content\/uploads\/2018\/02\/tel.png","type":"","width":"","height":""}],"twitter_card":"summary_large_image","schema":{"@context":"https:\/\/schema.org","@graph":[{"@type":"WebPage","@id":"https:\/\/termen.pl\/en\/kontakt","url":"https:\/\/termen.pl\/en\/kontakt","name":"Contact - TERMEN","isPartOf":{"@id":"https:\/\/termen.pl\/en\/#website"},"primaryImageOfPage":{"@id":"https:\/\/termen.pl\/en\/kontakt#primaryimage"},"image":{"@id":"https:\/\/termen.pl\/en\/kontakt#primaryimage"},"thumbnailUrl":"https:\/\/termen.pl\/\/en\/wp-content\/uploads\/2018\/02\/tel.png","datePublished":"2015-12-02T22:22:30+00:00","dateModified":"2019-02-22T07:51:02+00:00","breadcrumb":{"@id":"https:\/\/termen.pl\/en\/kontakt#breadcrumb"},"inLanguage":"en-GB","potentialAction":[{"@type":"ReadAction","target":["https:\/\/termen.pl\/en\/kontakt"]}]},{"@type":"ImageObject","inLanguage":"en-GB","@id":"https:\/\/termen.pl\/en\/kontakt#primaryimage","url":"https:\/\/termen.pl\/\/en\/wp-content\/uploads\/2018\/02\/tel.png","contentUrl":"https:\/\/termen.pl\/\/en\/wp-content\/uploads\/2018\/02\/tel.png"},{"@type":"BreadcrumbList","@id":"https:\/\/termen.pl\/en\/kontakt#breadcrumb","itemListElement":[{"@type":"ListItem","position":1,"name":"TERMEN","item":"https:\/\/termen.pl\/en\/"},{"@type":"ListItem","position":2,"name":"Contact"}]},{"@type":"WebSite","@id":"https:\/\/termen.pl\/en\/#website","url":"https:\/\/termen.pl\/en\/","name":"TERMEN","description":"Manufacturer of strainers, hydraulic separators, pressure vessels","potentialAction":[{"@type":"SearchAction","target":{"@type":"EntryPoint","urlTemplate":"https:\/\/termen.pl\/en\/?s={search_term_string}"},"query-input":{"@type":"PropertyValueSpecification","valueRequired":true,"valueName":"search_term_string"}}],"inLanguage":"en-GB"}]}},"_links":{"self":[{"href":"https:\/\/termen.pl\/en\/wp-json\/wp\/v2\/pages\/43","targetHints":{"allow":["GET"]}}],"collection":[{"href":"https:\/\/termen.pl\/en\/wp-json\/wp\/v2\/pages"}],"about":[{"href":"https:\/\/termen.pl\/en\/wp-json\/wp\/v2\/types\/page"}],"author":[{"embeddable":true,"href":"https:\/\/termen.pl\/en\/wp-json\/wp\/v2\/users\/1"}],"replies":[{"embeddable":true,"href":"https:\/\/termen.pl\/en\/wp-json\/wp\/v2\/comments?post=43"}],"version-history":[{"count":0,"href":"https:\/\/termen.pl\/en\/wp-json\/wp\/v2\/pages\/43\/revisions"}],"wp:attachment":[{"href":"https:\/\/termen.pl\/en\/wp-json\/wp\/v2\/media?parent=43"}],"curies":[{"name":"wp","href":"https:\/\/api.w.org\/{rel}","templated":true}]}}